{"id":716,"date":"2023-01-17T11:23:59","date_gmt":"2023-01-17T10:23:59","guid":{"rendered":"https:\/\/balders-heinze.de\/showroom\/outdoor\/"},"modified":"2023-01-30T10:50:35","modified_gmt":"2023-01-30T09:50:35","slug":"outdoor","status":"publish","type":"page","link":"https:\/\/balders-heinze.de\/nl\/showroom\/outdoor\/","title":{"rendered":"Outdoor"},"content":{"rendered":"<section class=\"l-section wpb_row height_huge color_primary with_slider\"><div class=\"l-section-slider\"><div class=\"w-slider style_none fit_cover nav_none count_2\"><div class=\"w-slider-h\" aria-hidden=\"true\"><div class=\"royalSlider\"><div class=\"rsContent\"><a class=\"rsImg\" data-rsw=\"2045\" data-rsh=\"1544\" href=\"https:\/\/balders-heinze.de\/wp-content\/uploads\/2023\/01\/outdoor-fliesen-nordhorn-1.jpg\"><span data-alt=\"\"><\/span><\/a><\/div><div class=\"rsContent\"><a class=\"rsImg\" data-rsw=\"2333\" data-rsh=\"1556\" href=\"https:\/\/balders-heinze.de\/wp-content\/uploads\/2023\/01\/outdoor-fliesen-nordhorn-2-1.jpg\"><span data-alt=\"\"><\/span><\/a><\/div><\/div><img decoding=\"async\" src=\"https:\/\/balders-heinze.de\/wp-content\/uploads\/2023\/01\/outdoor-fliesen-nordhorn-1.jpg\" width=\"2045\" height=\"1544\" alt loading=\"lazy\"><\/div><div class=\"w-slider-json\" onclick='return {&quot;autoScaleSlider&quot;:true,&quot;addActiveClass&quot;:true,&quot;loop&quot;:true,&quot;fadeInLoadedSlide&quot;:false,&quot;slidesSpacing&quot;:0,&quot;imageScalePadding&quot;:0,&quot;numImagesToPreload&quot;:2,&quot;arrowsNav&quot;:false,&quot;arrowsNavAutoHide&quot;:false,&quot;transitionType&quot;:&quot;fade&quot;,&quot;transitionSpeed&quot;:1000,&quot;block&quot;:{&quot;moveEffect&quot;:&quot;none&quot;,&quot;speed&quot;:300},&quot;thumbs&quot;:{&quot;fitInViewport&quot;:false,&quot;firstMargin&quot;:false,&quot;spacing&quot;:4},&quot;controlNavigation&quot;:&quot;none&quot;,&quot;autoplay&quot;:{&quot;enabled&quot;:true,&quot;pauseOnHover&quot;:false,&quot;delay&quot;:5000},&quot;autoScaleSliderWidth&quot;:2045,&quot;autoScaleSliderHeight&quot;:1544}'><\/div><\/div><\/div><div class=\"l-section-h i-cf\"><div class=\"g-cols vc_row via_grid cols_1 laptops-cols_inherit tablets-cols_inherit mobiles-cols_1 valign_top type_default stacking_default\"><div class=\"wpb_column vc_column_container\"><div class=\"vc_column-inner\"><div class=\"w-separator size_huge\"><\/div><\/div><\/div><\/div><\/div><\/section><section class=\"l-section wpb_row height_medium\"><div class=\"l-section-h i-cf\"><div class=\"g-cols vc_row via_grid cols_1 laptops-cols_inherit tablets-cols_inherit mobiles-cols_1 valign_top type_default stacking_default\"><div class=\"wpb_column vc_column_container\"><div class=\"vc_column-inner\"><h2 class=\"w-text us_custom_6e74c4b0 punkt\"><span class=\"w-text-h\"><span class=\"w-text-value\">Terrastegels<\/span><\/span><\/h2><div class=\"g-cols wpb_row via_grid cols_2 laptops-cols_inherit tablets-cols_inherit mobiles-cols_1 valign_top type_default stacking_default\" style=\"--columns-gap:3rem;\"><div class=\"wpb_column vc_column_container\"><div class=\"vc_column-inner\"><div class=\"wpb_text_column\"><div class=\"wpb_wrapper\"><p>Naast een groot, uitgebreid leveringsprogramma voor huiskeramiek hebben we 88 verschillende buitentegels in de formaten 60\u00d760, 40\u00d780, 40\u00d7120 en 90\u00d790 cm met een dikte van 2-3 cm voor de tuin en het terras in ons programma. In onze nieuw ontworpen buitenruimte zult u een grote keuzeaanbod aan terrastegels ontdekken. Talrijke voorbeeldvlakken tonen u veelzijdige buitentegels onder re\u00eble licht- en omgevingscondities. Gebruik de buitenruimte om authentieke indrukken op te doen en een levendig beeld te krijgen van wat u met moderne terrastegels kunt doen.<\/p>\n<p>Deze tegels, speciaal ontworpen voor gebruik buitenshuis, zijn vorstbestendig en gemakkelijk te onderhouden. Noch vet, noch vuil of vlekken kunnen het materiaal binnendringen. Sporen van verwering kunnen zonder veel moeite van het oppervlak worden verwijderd.<\/p>\n<p>Bij ons vindt u tegels voor het terras en andere buitenruimtes in vele verschillende afmetingen, kleuren en oppervlaktestructuren. Alle buitentegels in ons assortiment zijn van de hoogste kwaliteit!<\/p>\n<\/div><\/div><\/div><\/div><div class=\"wpb_column vc_column_container type_sticky\"><div class=\"vc_column-inner\"><div class=\"w-vwrapper us_custom_6245764b has_text_color align_none valign_top\"><div class=\"wpb_text_column\"><div class=\"wpb_wrapper\"><h4 style=\"text-align: left;\">Productcatalogus voor buitentegels<\/h4>\n<p style=\"text-align: left;\">Kijk in onze productcatalogus voor buitentegels.<\/p>\n<\/div><\/div><div class=\"w-btn-wrapper align_none\"><a class=\"w-btn us-btn-style_4 icon_atleft\" title=\"Downloaden\" target=\"_blank\" rel=\"nofollow\" href=\"\/wp-content\/uploads\/2023\/01\/Outdoorkatalog-A4-web.pdf\"><i class=\"fas fa-file-pdf\"><\/i><span class=\"w-btn-label\">Downloaden<\/span><\/a><\/div><\/div><\/div><\/div><\/div><\/div><\/div><\/div><\/div><\/section><section class=\"l-section wpb_row height_auto\"><div class=\"l-section-h i-cf\"><div class=\"g-cols vc_row via_grid cols_1 laptops-cols_inherit tablets-cols_inherit mobiles-cols_1 valign_top type_default stacking_default\"><div class=\"wpb_column vc_column_container\"><div class=\"vc_column-inner\"><div class=\"w-grid us_grid type_grid layout_683 cols_4 preload_style_spinner with_css_animation ratio_1x1\" id=\"us_grid_1\" style=\"--columns:4;--gap:1.5rem;--item-ratio:1;\" data-filterable=\"true\"><style>@media (max-width:1280px){#us_grid_1{--columns:3!important}}@media (max-width:1024px){#us_grid_1{--columns:2!important}}@media (max-width:600px){#us_grid_1{--columns:1!important}}.layout_683 .w-grid-item-h{}<\/style><div class=\"w-grid-list\">\t<article class=\"w-grid-item us_animate_afr size_1x1 post-660 attachment type-attachment status-inherit hentry\" data-id=\"660\" style=\"animation-delay:0s\">\r\n\t\t<div class=\"w-grid-item-h\">\r\n\t\t\t\t\t\t\t<a ref=\"magnificPopupGrid\" href=\"https:\/\/balders-heinze.de\/wp-content\/uploads\/2023\/01\/outdoor-fliesen-1.jpg\" class=\"w-grid-item-anchor\" aria-label=\"outdoor-fliesen-1\"><\/a>\r\n\t\t\t\t\t\t<div class=\"w-post-elm post_image usg_post_image_1 has_ratio\"><img loading=\"lazy\" decoding=\"async\" width=\"1024\" height=\"683\" src=\"https:\/\/balders-heinze.de\/wp-content\/uploads\/2023\/01\/outdoor-fliesen-1-1024x683.jpg\" class=\"attachment-large size-large\" alt=\"\" \/><div style=\"padding-bottom:100%\"><\/div><\/div>\t\t<\/div>\r\n\t\t\t<\/article>\r\n\t<article class=\"w-grid-item us_animate_afr size_1x1 post-661 attachment type-attachment status-inherit hentry\" data-id=\"661\" style=\"animation-delay:0.1s\">\r\n\t\t<div class=\"w-grid-item-h\">\r\n\t\t\t\t\t\t\t<a ref=\"magnificPopupGrid\" href=\"https:\/\/balders-heinze.de\/wp-content\/uploads\/2023\/01\/outdoor-fliesen-2.jpg\" class=\"w-grid-item-anchor\" aria-label=\"outdoor-fliesen-2\"><\/a>\r\n\t\t\t\t\t\t<div class=\"w-post-elm post_image usg_post_image_1 has_ratio\"><img loading=\"lazy\" decoding=\"async\" width=\"1024\" height=\"683\" src=\"https:\/\/balders-heinze.de\/wp-content\/uploads\/2023\/01\/outdoor-fliesen-2-1024x683.jpg\" class=\"attachment-large size-large\" alt=\"\" \/><div style=\"padding-bottom:100%\"><\/div><\/div>\t\t<\/div>\r\n\t\t\t<\/article>\r\n\t<article class=\"w-grid-item us_animate_afr size_1x1 post-662 attachment type-attachment status-inherit hentry\" data-id=\"662\" style=\"animation-delay:0.2s\">\r\n\t\t<div class=\"w-grid-item-h\">\r\n\t\t\t\t\t\t\t<a ref=\"magnificPopupGrid\" href=\"https:\/\/balders-heinze.de\/wp-content\/uploads\/2023\/01\/outdoor-fliesen-3.jpg\" class=\"w-grid-item-anchor\" aria-label=\"outdoor-fliesen-3\"><\/a>\r\n\t\t\t\t\t\t<div class=\"w-post-elm post_image usg_post_image_1 has_ratio\"><img loading=\"lazy\" decoding=\"async\" width=\"1024\" height=\"683\" src=\"https:\/\/balders-heinze.de\/wp-content\/uploads\/2023\/01\/outdoor-fliesen-3-1024x683.jpg\" class=\"attachment-large size-large\" alt=\"\" \/><div style=\"padding-bottom:100%\"><\/div><\/div>\t\t<\/div>\r\n\t\t\t<\/article>\r\n\t<article class=\"w-grid-item us_animate_afr size_1x1 post-663 attachment type-attachment status-inherit hentry\" data-id=\"663\" style=\"animation-delay:0.3s\">\r\n\t\t<div class=\"w-grid-item-h\">\r\n\t\t\t\t\t\t\t<a ref=\"magnificPopupGrid\" href=\"https:\/\/balders-heinze.de\/wp-content\/uploads\/2023\/01\/outdoor-fliesen-4.jpg\" class=\"w-grid-item-anchor\" aria-label=\"outdoor-fliesen-4\"><\/a>\r\n\t\t\t\t\t\t<div class=\"w-post-elm post_image usg_post_image_1 has_ratio\"><img loading=\"lazy\" decoding=\"async\" width=\"1024\" height=\"683\" src=\"https:\/\/balders-heinze.de\/wp-content\/uploads\/2023\/01\/outdoor-fliesen-4-1024x683.jpg\" class=\"attachment-large size-large\" alt=\"\" \/><div style=\"padding-bottom:100%\"><\/div><\/div>\t\t<\/div>\r\n\t\t\t<\/article>\r\n<\/div>\t<div class=\"w-grid-preloader\">\r\n\t\t<div class=\"g-preloader type_1\">\r\n\t\t\t<div><\/div>\r\n\t\t<\/div>\r\n\t<\/div>\r\n\t\t<div class=\"w-grid-json hidden\" onclick='return {&quot;action&quot;:&quot;us_ajax_grid&quot;,&quot;infinite_scroll&quot;:0,&quot;max_num_pages&quot;:1,&quot;pagination&quot;:&quot;none&quot;,&quot;template_vars&quot;:{&quot;columns&quot;:&quot;4&quot;,&quot;exclude_items&quot;:&quot;none&quot;,&quot;img_size&quot;:&quot;default&quot;,&quot;ignore_items_size&quot;:0,&quot;items_layout&quot;:&quot;683&quot;,&quot;items_offset&quot;:&quot;1&quot;,&quot;load_animation&quot;:&quot;afr&quot;,&quot;overriding_link&quot;:&quot;%7B%22type%22%3A%22popup_image%22%7D&quot;,&quot;post_id&quot;:0,&quot;query_args&quot;:{&quot;post_type&quot;:[&quot;attachment&quot;],&quot;post__in&quot;:[&quot;432&quot;,&quot;433&quot;,&quot;434&quot;,&quot;435&quot;],&quot;post_status&quot;:&quot;inherit&quot;,&quot;post_mime_type&quot;:&quot;image&quot;,&quot;posts_per_page&quot;:&quot;12&quot;},&quot;orderby_query_args&quot;:{&quot;orderby&quot;:{&quot;post__in&quot;:&quot;ASC&quot;},&quot;order&quot;:&quot;ASC&quot;},&quot;type&quot;:&quot;grid&quot;,&quot;us_grid_post_type&quot;:&quot;attachment&quot;,&quot;us_grid_ajax_index&quot;:1,&quot;us_grid_filter_query_string&quot;:null,&quot;us_grid_index&quot;:1,&quot;page_args&quot;:[],&quot;lang&quot;:&quot;nl&quot;}}'><\/div>\r\n\t<\/div><\/div><\/div><\/div><\/div><\/section><section class=\"l-section wpb_row height_auto\"><div class=\"l-section-h i-cf\"><div class=\"g-cols vc_row via_grid cols_1 laptops-cols_inherit tablets-cols_inherit mobiles-cols_1 valign_top type_default stacking_default\"><div class=\"wpb_column vc_column_container\"><div class=\"vc_column-inner\"><section class=\"l-section wpb_row height_huge\"><div class=\"l-section-h i-cf\"><div class=\"g-cols vc_row via_grid cols_2 laptops-cols_inherit tablets-cols_1 mobiles-cols_1 valign_middle type_default stacking_default\"><div class=\"wpb_column vc_column_container us_custom_7e20fa79 us_animate_this\"><div class=\"vc_column-inner\"><h2 class=\"w-text punkt\"><span class=\"w-text-h\"><span class=\"w-text-value\">Contact<\/span><\/span><\/h2><div class=\"wpb_text_column\"><div class=\"wpb_wrapper\"><p><strong>Heeft u vragen of suggesties?<\/strong><\/p>\n<p>Stuur ze ons met behulp van het contactformulier hiernaast.<br \/>\nWij staan natuurlijk ook persoonlijk tot uw beschikking. Schrijf of bel ons. Wij zien u graag komen! Wij zien u graag komen!<\/p>\n<h3>BALDERS + HEINZE GMBH<\/h3>\n<p>Otto-Hahn-Str. 29<br \/>\nD-48529 Nordhorn<br \/>\n<strong>Telefoon:<\/strong> +49 (0) 5921\/80 87 \u2013 0<br \/>\n<strong>Fax:<\/strong> +49 (0) 5921\/80 87 \u2013 11<br \/>\n<strong>Email:<\/strong> info@balders-heinze.de<\/p>\n<\/div><\/div><\/div><\/div><div class=\"wpb_column vc_column_container us_custom_efce2f59 us_animate_this has_bg_color\"><div class=\"vc_column-inner\"><form class=\"w-form  us-field-style_1 layout_ver show_message_after_sending for_cform us_form_1\" action=\"https:\/\/balders-heinze.de\/nl\/wp-json\/wp\/v2\/pages\/716\" method=\"post\"><div class=\"w-form-h\"><div class=\"w-form-row for_text required cols_2\">\r\n\t\t<div class=\"w-form-row-field\">\r\n\t\t\t\t\t\t<input aria-label=\"Naame\" type=\"text\" name=\"us_form_1_text_1\" value placeholder=\"Naame *\" data-required=\"true\" aria-required=\"true\"\/>\r\n\t\t\t<\/div>\r\n\t\t<div class=\"w-form-row-state\">Dit is een verplicht veld<\/div>\r\n<\/div>\r\n<div class=\"w-form-row for_text required cols_2\">\r\n\t\t<div class=\"w-form-row-field\">\r\n\t\t\t\t\t\t<input aria-label=\"Voornam\" type=\"text\" name=\"us_form_1_text_2\" value placeholder=\"Voornam *\" data-required=\"true\" aria-required=\"true\"\/>\r\n\t\t\t<\/div>\r\n\t\t<div class=\"w-form-row-state\">Dit is een verplicht veld<\/div>\r\n<\/div>\r\n<div class=\"w-form-row for_email required\">\r\n\t\t<div class=\"w-form-row-field\">\r\n\t\t\t\t\t\t<input aria-label=\"E-Mail\" type=\"email\" name=\"us_form_1_email_1\" value placeholder=\"E-Mail *\" data-required=\"true\" aria-required=\"true\"\/>\r\n\t\t\t<\/div>\r\n\t\t<div class=\"w-form-row-state\">Een geldig e-mailadres invoeren.<\/div>\r\n<\/div>\r\n<div class=\"w-form-row for_textarea\">\r\n\t\t<div class=\"w-form-row-field\">\r\n\t\t\t\t\t\t<textarea aria-label=\"Uw boodschap aan ons\" name=\"us_form_1_textarea_1\" placeholder=\"Uw boodschap aan ons\"><\/textarea>\r\n\t\t\t<\/div>\r\n\t\t<div class=\"w-form-row-state\">Dit is een verplicht veld<\/div>\r\n<\/div>\r\n<div class=\"w-form-row for_agreement required\">\r\n\t\t<div class=\"w-form-row-field\">\r\n\t\t\t\t<label>\r\n\t\t\t<input type=\"checkbox\" value=\"1\" data-required=\"true\" aria-required=\"true\" name=\"us_form_1_agreement_1\"\/>\r\n\t\t\t<span>Ik accepteer de privacy policy<\/span>\r\n\t\t<\/label>\r\n\t\t\t<\/div>\r\n\t\t<div class=\"w-form-row-state\">Accepteer de voorwaarden om door te gaan<\/div>\r\n<\/div>\r\n<div class=\"w-form-row for_captcha required\">\r\n\t<div class=\"w-form-row-label\">\r\n\t\t<span> <span>19 - 15 = ?<\/span><\/span>\r\n\t<\/div>\r\n\t<div class=\"w-form-row-field\">\r\n\t\t\t\t<input type=\"hidden\" name=\"us_form_1_captcha_1_hash\" value=\"c54bd81e5083e5a8e364fb85ff8f3586\" \/>\r\n\t\t\t\t<input aria-label=\"us_form_1_captcha_1\" type=\"text\" name=\"us_form_1_captcha_1\" placeholder data-required=\"true\" aria-required=\"true\"\/>\r\n\t\t\t<\/div>\r\n\t\t<div class=\"w-form-row-state\">Vul de oplossing in om verder te gaan<\/div>\r\n<\/div>\r\n<input type=\"hidden\" name=\"action\" value=\"us_ajax_cform\" \/>\r\n<input type=\"hidden\" name=\"post_id\" value=\"757\" \/>\r\n<input type=\"hidden\" name=\"form_index\" value=\"1\" \/>\r\n<div class=\"w-form-row for_submit align_justify\"><button class=\"w-btn us-btn-style_1\" type=\"submit\" aria-label=\"Indienen\"><span class=\"g-preloader type_1\"><\/span><span class=\"w-btn-label\">Indienen<\/span><\/button><\/div><\/div><div class=\"w-form-message\"><\/div><div class=\"w-form-json hidden\" onclick='return {&quot;ajaxurl&quot;:&quot;https:\\\/\\\/balders-heinze.de\\\/wp-admin\\\/admin-ajax.php&quot;,&quot;messages&quot;:{&quot;err_empty&quot;:&quot;Dit is een verplicht veld&quot;,&quot;err_size&quot;:&quot;File size cannot exceed %s MB&quot;,&quot;err_extension&quot;:&quot;%s file type is not allowed&quot;,&quot;err_recaptcha_keys&quot;:&quot;reCAPTCHA keys are incorrect&quot;}}'><\/div><\/form><\/div><\/div><\/div><\/div><\/section>\n<\/div><\/div><\/div><\/div><\/section>\n","protected":false},"excerpt":{"rendered":"","protected":false},"author":1,"featured_media":0,"parent":679,"menu_order":0,"comment_status":"closed","ping_status":"closed","template":"","meta":{"_acf_changed":false,"footnotes":""},"class_list":["post-716","page","type-page","status-publish","hentry"],"acf":[],"_links":{"self":[{"href":"https:\/\/balders-heinze.de\/nl\/wp-json\/wp\/v2\/pages\/716","targetHints":{"allow":["GET"]}}],"collection":[{"href":"https:\/\/balders-heinze.de\/nl\/wp-json\/wp\/v2\/pages"}],"about":[{"href":"https:\/\/balders-heinze.de\/nl\/wp-json\/wp\/v2\/types\/page"}],"author":[{"embeddable":true,"href":"https:\/\/balders-heinze.de\/nl\/wp-json\/wp\/v2\/users\/1"}],"replies":[{"embeddable":true,"href":"https:\/\/balders-heinze.de\/nl\/wp-json\/wp\/v2\/comments?post=716"}],"version-history":[{"count":5,"href":"https:\/\/balders-heinze.de\/nl\/wp-json\/wp\/v2\/pages\/716\/revisions"}],"predecessor-version":[{"id":721,"href":"https:\/\/balders-heinze.de\/nl\/wp-json\/wp\/v2\/pages\/716\/revisions\/721"}],"up":[{"embeddable":true,"href":"https:\/\/balders-heinze.de\/nl\/wp-json\/wp\/v2\/pages\/679"}],"wp:attachment":[{"href":"https:\/\/balders-heinze.de\/nl\/wp-json\/wp\/v2\/media?parent=716"}],"curies":[{"name":"wp","href":"https:\/\/api.w.org\/{rel}","templated":true}]}}