{"id":1206,"date":"2026-01-08T11:27:26","date_gmt":"2026-01-08T10:27:26","guid":{"rendered":"https:\/\/balders-heinze.de\/carreer\/"},"modified":"2026-01-09T12:18:05","modified_gmt":"2026-01-09T11:18:05","slug":"carreer","status":"publish","type":"page","link":"https:\/\/balders-heinze.de\/nl\/carreer\/","title":{"rendered":"Carreer"},"content":{"rendered":"<section class=\"l-section wpb_row height_huge color_primary with_slider\"><div class=\"l-section-slider\"><div class=\"w-slider style_none fit_cover nav_none count_2\"><div class=\"w-slider-h\" aria-hidden=\"true\"><div class=\"royalSlider\"><div class=\"rsContent\"><a class=\"rsImg\" data-rsw=\"2365\" data-rsh=\"1392\" href=\"https:\/\/balders-heinze.de\/wp-content\/uploads\/2022\/12\/balders-heinze-nordhorn.jpg\"><span data-alt=\"\"><\/span><\/a><\/div><div class=\"rsContent\"><a class=\"rsImg\" data-rsw=\"2108\" data-rsh=\"1028\" href=\"https:\/\/balders-heinze.de\/wp-content\/uploads\/2023\/01\/balders-und-heinze-nordhorn.jpg\"><span data-alt=\"\"><\/span><\/a><\/div><\/div><img decoding=\"async\" src=\"https:\/\/balders-heinze.de\/wp-content\/uploads\/2022\/12\/balders-heinze-nordhorn.jpg\" width=\"2365\" height=\"1392\" alt loading=\"lazy\"><\/div><div class=\"w-slider-json\" onclick='return {&quot;autoScaleSlider&quot;:true,&quot;addActiveClass&quot;:true,&quot;loop&quot;:true,&quot;fadeInLoadedSlide&quot;:false,&quot;slidesSpacing&quot;:0,&quot;imageScalePadding&quot;:0,&quot;numImagesToPreload&quot;:2,&quot;arrowsNav&quot;:false,&quot;arrowsNavAutoHide&quot;:false,&quot;transitionType&quot;:&quot;fade&quot;,&quot;transitionSpeed&quot;:1000,&quot;block&quot;:{&quot;moveEffect&quot;:&quot;none&quot;,&quot;speed&quot;:300},&quot;thumbs&quot;:{&quot;fitInViewport&quot;:false,&quot;firstMargin&quot;:false,&quot;spacing&quot;:4},&quot;controlNavigation&quot;:&quot;none&quot;,&quot;autoplay&quot;:{&quot;enabled&quot;:true,&quot;pauseOnHover&quot;:false,&quot;delay&quot;:4000},&quot;autoScaleSliderWidth&quot;:2365,&quot;autoScaleSliderHeight&quot;:1392}'><\/div><\/div><\/div><div class=\"l-section-h i-cf\"><div class=\"g-cols vc_row via_grid cols_1 laptops-cols_inherit tablets-cols_inherit mobiles-cols_1 valign_top type_default stacking_default\"><div class=\"wpb_column vc_column_container\"><div class=\"vc_column-inner\"><div class=\"w-separator size_huge\"><\/div><div class=\"w-separator size_huge\"><\/div><\/div><\/div><\/div><\/div><\/section><section class=\"l-section wpb_row height_medium\"><div class=\"l-section-h i-cf\"><div class=\"g-cols vc_row via_grid cols_1 laptops-cols_inherit tablets-cols_inherit mobiles-cols_1 valign_top type_default stacking_default\"><div class=\"wpb_column vc_column_container\"><div class=\"vc_column-inner\"><h2 class=\"w-text\"><span class=\"w-text-h\"><span class=\"w-text-value\">Vacatures<\/span><\/span><\/h2><div class=\"w-tabs style_default switch_click accordion has_scrolling\" style=\"--sections-title-size:inherit\"><div class=\"w-tabs-sections titles-align_none icon_chevron cpos_right\"><div class=\"w-tabs-section\" id=\"k9f4\"><button class=\"w-tabs-section-header\" aria-controls=\"content-k9f4\" aria-expanded=\"false\"><div class=\"w-tabs-section-title\">Ausbildung: Kaufmann im Gro\u00df- und Au\u00dfenhandelsmanagement (m\/w\/d)<\/div><div class=\"w-tabs-section-control\"><\/div><\/button><div  class=\"w-tabs-section-content\" id=\"content-k9f4\"><div class=\"w-tabs-section-content-h i-cf\"><div class=\"wpb_text_column\"><div class=\"wpb_wrapper\"><p data-path-to-node=\"3\"><b data-path-to-node=\"3\" data-index-in-node=\"0\">Schwerpunkt: Vertrieb &amp; Einkauf | Standort: Nordhorn<\/b><\/p>\n<p data-path-to-node=\"4\">Du suchst eine Ausbildung mit Substanz? Du hast Lust auf hochwertige Produkte, echten Kundenkontakt und willst verstehen, wie Warenstr\u00f6me in einem modernen Fliesengro\u00dfhandel funktionieren? Dann werde Teil des Teams von <b data-path-to-node=\"4\" data-index-in-node=\"219\">Balders + Heinze<\/b>.  <\/p>\n<h4 data-path-to-node=\"4\">Deine Aufgaben bei uns<\/h4>\n<p data-path-to-node=\"10\"><b data-path-to-node=\"10\" data-index-in-node=\"0\">Vertrieb &amp; Kundenberatung<\/b><\/p>\n<ul data-path-to-node=\"11\">\n<li>\n<p data-path-to-node=\"11,0,0\">Du lernst, wie man Verkaufsgespr\u00e4che f\u00fchrt \u2013 ob am Telefon im Innendienst oder pers\u00f6nlich in unserer modernen Ausstellung.<\/p>\n<\/li>\n<li>\n<p data-path-to-node=\"11,1,0\">Du erstellst Angebote, kalkulierst Preise und begleitest Auftr\u00e4ge von der ersten Anfrage bis zur Auslieferung.<\/p>\n<\/li>\n<li>\n<p data-path-to-node=\"11,2,0\">Du ber\u00e4tst Profi-Kunden (Fliesenleger, Bautr\u00e4ger) fachgerecht zu Materialien, Trends und technischen Eigenschaften.<\/p>\n<\/li>\n<\/ul>\n<p data-path-to-node=\"12\"><b data-path-to-node=\"12\" data-index-in-node=\"0\">Einkauf &amp; Warenwirtschaft<\/b><\/p>\n<ul data-path-to-node=\"13\">\n<li>\n<p data-path-to-node=\"13,0,0\">Du unterst\u00fctzt bei der Auswahl unserer Kollektionen und kommunizierst mit Lieferanten im In- und Ausland.<\/p>\n<\/li>\n<li>\n<p data-path-to-node=\"13,1,0\">Du lernst, Best\u00e4nde zu \u00fcberwachen, Warentermingerecht zu bestellen und Lieferketten zu koordinieren.<\/p>\n<\/li>\n<li>\n<p data-path-to-node=\"13,2,0\">Du erh\u00e4ltst Einblicke in die Logistik und die Qualit\u00e4tskontrolle direkt in unserem Hochregallager.<\/p>\n<\/li>\n<\/ul>\n<\/div><\/div><\/div><\/div><\/div><div class=\"w-tabs-section\" id=\"kf3c\"><button class=\"w-tabs-section-header\" aria-controls=\"content-kf3c\" aria-expanded=\"false\"><div class=\"w-tabs-section-title\">Ausbildung: Fachkraft f\u00fcr Lagerlogistik (m\/w\/d)<\/div><div class=\"w-tabs-section-control\"><\/div><\/button><div  class=\"w-tabs-section-content\" id=\"content-kf3c\"><div class=\"w-tabs-section-content-h i-cf\"><div class=\"wpb_text_column\"><div class=\"wpb_wrapper\"><p data-path-to-node=\"3\"><b data-path-to-node=\"3\" data-index-in-node=\"0\">Schwerpunkt: Warenannahme, Versand &amp; Bestandskontrolle | Standort: Nordhorn<\/b><\/p>\n<p data-path-to-node=\"8\"><strong>Das erwartet dich in deiner Ausbildung<\/strong><\/p>\n<p data-path-to-node=\"9\">Deine Ausbildung ist praxisnah und verantwortungsvoll. Wir machen dich zum Experten f\u00fcr den gesamten Materialfluss: <\/p>\n<p data-path-to-node=\"10\"><b data-path-to-node=\"10\" data-index-in-node=\"0\">1. Warenannahme &amp; Pr\u00fcfung<\/b><\/p>\n<ul data-path-to-node=\"11\">\n<li>\n<p data-path-to-node=\"11,0,0\">Du nimmst Lieferungen unserer internationalen Hersteller entgegen und pr\u00fcfst sie auf Vollst\u00e4ndigkeit und Qualit\u00e4t.<\/p>\n<\/li>\n<li>\n<p data-path-to-node=\"11,1,0\">Du bedienst moderne Flurf\u00f6rderzeuge (Gabelstapler) und lagerst die Ware fachgerecht ein.<\/p>\n<\/li>\n<\/ul>\n<p data-path-to-node=\"12\"><b data-path-to-node=\"12\" data-index-in-node=\"0\">2. Kommissionierung &amp; Versand<\/b><\/p>\n<ul data-path-to-node=\"13\">\n<li>\n<p data-path-to-node=\"13,0,0\">Du stellst Lieferungen f\u00fcr unsere Kunden aus Handwerk und Fachhandel zusammen (\u201eKommissionierung\u201c) \u2013 dabei achtest du auf die richtige Ladungssicherung.<\/p>\n<\/li>\n<li>\n<p data-path-to-node=\"13,1,0\">Du bereitest den Versand vor und arbeitest eng mit unseren Fahrern und Speditionen zusammen.<\/p>\n<\/li>\n<\/ul>\n<p data-path-to-node=\"14\"><b data-path-to-node=\"14\" data-index-in-node=\"0\">3. Bestandskontrolle &amp; Logistikmanagement<\/b><\/p>\n<ul data-path-to-node=\"15\">\n<li>\n<p data-path-to-node=\"15,0,0\">Du lernst, wie man Best\u00e4nde mittels digitaler Warenwirtschaftssysteme \u00fcberwacht und Inventuren durchf\u00fchrt.<\/p>\n<\/li>\n<li>\n<p data-path-to-node=\"15,1,0\">Du optimierst Lagerpl\u00e4tze und sorgst daf\u00fcr, dass unser Hochregallager jederzeit effizient genutzt wird.<\/p>\n<\/li>\n<\/ul>\n<\/div><\/div><\/div><\/div><\/div><div class=\"w-tabs-section\" id=\"g3c1\"><button class=\"w-tabs-section-header\" aria-controls=\"content-g3c1\" aria-expanded=\"false\"><div class=\"w-tabs-section-title\">Fachkraft f\u00fcr Lagerlogistik \/ Fachlagerist (m\/w\/d)<\/div><div class=\"w-tabs-section-control\"><\/div><\/button><div  class=\"w-tabs-section-content\" id=\"content-g3c1\"><div class=\"w-tabs-section-content-h i-cf\"><div class=\"wpb_text_column\"><div class=\"wpb_wrapper\"><p><strong>Standort: Nordhorn<\/strong><\/p>\n<p data-path-to-node=\"4\">Bei uns bewegst du was! Du sorgst daf\u00fcr, dass unsere hochwertigen Fliesen sicher lagern und p\u00fcnktlich beim Kunden ankommen. Du bist der Profi in unserem Hochregallager und beh\u00e4ltst auch bei viel Betrieb den \u00dcberblick.  <\/p>\n<h4 data-path-to-node=\"5\">Deine Aufgaben bei uns<\/h4>\n<ul data-path-to-node=\"6\">\n<li>\n<p data-path-to-node=\"6,0,0\"><b data-path-to-node=\"6,0,0\" data-index-in-node=\"0\">Warenannahme:<\/b> Du nimmst Lieferungen entgegen, pr\u00fcfst die Ware und lagerst sie mit dem Gabelstapler sicher ein.<\/p>\n<\/li>\n<li>\n<p data-path-to-node=\"6,1,0\"><b data-path-to-node=\"6,1,0\" data-index-in-node=\"0\">Versand &amp; Kommissionierung:<\/b> Du stellst die Fliesen f\u00fcr unsere Kunden zusammen und bereitest sie f\u00fcr den Transport vor.<\/p>\n<\/li>\n<li>\n<p data-path-to-node=\"6,2,0\"><b data-path-to-node=\"6,2,0\" data-index-in-node=\"0\">Bestandskontrolle:<\/b> Du achtest darauf, dass alles an seinem Platz ist und die Best\u00e4nde in unserem System stimmen.<\/p>\n<\/li>\n<li>\n<p data-path-to-node=\"6,3,0\"><b data-path-to-node=\"6,3,0\" data-index-in-node=\"0\">Logistik:<\/b> Du arbeitest Hand in Hand mit unseren Fahrern und dem Verkaufsteam zusammen.<\/p>\n<\/li>\n<\/ul>\n<\/div><\/div><\/div><\/div><\/div><\/div><\/div><\/div><\/div><\/div><\/div><\/section><section class=\"l-section wpb_row height_medium\"><div class=\"l-section-h i-cf\"><div class=\"g-cols vc_row via_grid cols_1 laptops-cols_inherit tablets-cols_inherit mobiles-cols_1 valign_top type_default stacking_default\"><div class=\"wpb_column vc_column_container\"><div class=\"vc_column-inner\"><h2 class=\"w-text\"><span class=\"w-text-h\"><span class=\"w-text-value\">Je sollicitatie bij ons<\/span><\/span><\/h2><div class=\"w-html\"><div class='fluentform ff-default fluentform_wrapper_3 ffs_default_wrap'><form data-form_id=\"3\" id=\"fluentform_3\" class=\"frm-fluent-form fluent_form_3 ff-el-form-top ff_form_instance_3_1 ff-form-loading ff_has_v3_recptcha ffs_default\" data-form_instance=\"ff_form_instance_3_1\" method=\"POST\" data-recptcha_key=\"6LdxlVIsAAAAAPg78j8nERDA5HO30Fx_--in15O7\" ><fieldset  style=\"border: none!important;margin: 0!important;padding: 0!important;background-color: transparent!important;box-shadow: none!important;outline: none!important; min-inline-size: 100%;\">\n                    <legend class=\"ff_screen_reader_title\" style=\"display: block; margin: 0!important;padding: 0!important;height: 0!important;text-indent: -999999px;width: 0!important;overflow:hidden;\">Bewerbungsformular<\/legend><input type='hidden' name='__fluent_form_embded_post_id' value='1206' \/><input type=\"hidden\" id=\"_fluentform_3_fluentformnonce\" name=\"_fluentform_3_fluentformnonce\" value=\"6e72651391\" \/><input type=\"hidden\" name=\"_wp_http_referer\" value=\"\/nl\/wp-json\/wp\/v2\/pages\/1206\" \/><div data-type=\"name-element\" data-name=\"names\" class=\" ff-field_container ff-name-field-wrapper\" ><div class='ff-t-container'><div class='ff-t-cell '><div class='ff-el-group'><div class=\"ff-el-input--label ff-el-is-required asterisk-right\"><label for='ff_3_names_first_name_' id='label_ff_3_names_first_name_' >Vorname<\/label><\/div><div class='ff-el-input--content'><input type=\"text\" name=\"names[first_name]\" id=\"ff_3_names_first_name_\" class=\"ff-el-form-control\" aria-invalid=\"false\" aria-required=true><\/div><\/div><\/div><div class='ff-t-cell '><div class='ff-el-group'><div class=\"ff-el-input--label ff-el-is-required asterisk-right\"><label for='ff_3_names_last_name_' id='label_ff_3_names_last_name_' >Nachname<\/label><\/div><div class='ff-el-input--content'><input type=\"text\" name=\"names[last_name]\" id=\"ff_3_names_last_name_\" class=\"ff-el-form-control\" aria-invalid=\"false\" aria-required=true><\/div><\/div><\/div><\/div><\/div><div data-name=\"ff_cn_id_1\"  class='ff-t-container ff-column-container ff_columns_total_2 '><div class='ff-t-cell ff-t-column-1' style='flex-basis: 50%;'><div class='ff-el-group'><div class=\"ff-el-input--label ff-el-is-required asterisk-right\"><label for='ff_3_email' id='label_ff_3_email' aria-label=\"E-Mail\">E-Mail<\/label><\/div><div class='ff-el-input--content'><input type=\"email\" name=\"email\" id=\"ff_3_email\" class=\"ff-el-form-control\" data-name=\"email\"  aria-invalid=\"false\" aria-required=true><\/div><\/div><\/div><div class='ff-t-cell ff-t-column-2' style='flex-basis: 50%;'><div class='ff-el-group'><div class=\"ff-el-input--label asterisk-right\"><label for='ff_3_phone' id='label_ff_3_phone' aria-label=\"Telefonnummer\">Telefonnummer<\/label><\/div><div class='ff-el-input--content'><input name=\"phone\" class=\"ff-el-form-control ff-el-phone\" type=\"tel\" data-name=\"phone\" id=\"ff_3_phone\" inputmode=\"tel\"  aria-invalid='false' aria-required=false><\/div><\/div><\/div><\/div><div class='ff-el-group'><div class=\"ff-el-input--label ff-el-is-required asterisk-right\"><label for='ff_3_dropdown' id='label_ff_3_dropdown' aria-label=\"Bewerbung f\u00fcr ...\">Bewerbung f\u00fcr ...<\/label><\/div><div class='ff-el-input--content'><select name=\"dropdown\" id=\"ff_3_dropdown\" class=\"ff-el-form-control\" data-name=\"dropdown\" data-calc_value=\"0\"  aria-invalid=\"false\" aria-required=\"true\" aria-labelledby=\"label_ff_3_dropdown\"><option value=\"\">Bitte ausw\u00e4hlen<\/option><option value=\"Ausbildung: Kaufmann im Gro\u00df- und Au\u00dfenhandelsmanagement (m\/w\/d)\"  >Ausbildung: Kaufmann im Gro\u00df- und Au\u00dfenhandelsmanagement (m\/w\/d)<\/option><option value=\"Ausbildung: Fachkraft f\u00fcr Lagerlogistik (m\/w\/d)\"  >Ausbildung: Fachkraft f\u00fcr Lagerlogistik (m\/w\/d)<\/option><option value=\"Fachkraft f\u00fcr Lagerlogistik oder Fachlagerist (m\/w\/d)\"  >Fachkraft f\u00fcr Lagerlogistik oder Fachlagerist (m\/w\/d)<\/option><option value=\"Anderer Bereich \/ Offene Bewerbung (bitte beschreiben)\"  >Anderer Bereich \/ Offene Bewerbung (bitte beschreiben)<\/option><\/select><\/div><\/div><div class='ff-el-group'><div class=\"ff-el-input--label asterisk-right\"><label for='ff_3_description' id='label_ff_3_description' aria-label=\"Deine Nachricht\">Deine Nachricht<\/label><\/div><div class='ff-el-input--content'><textarea aria-required=\"false\" aria-labelledby=\"label_ff_3_description\" name=\"description\" id=\"ff_3_description\" class=\"ff-el-form-control\" rows=\"3\" cols=\"2\" data-name=\"description\" ><\/textarea><\/div><\/div><div data-name=\"ff_cn_id_2\"  class='ff-t-container ff-column-container ff_columns_total_3 '><div class='ff-t-cell ff-t-column-1' style='flex-basis: 33.33%;'><div class='ff-el-group'><div class=\"ff-el-input--label asterisk-right\"><label for='ff_3_file-upload_1' id='label_ff_3_file-upload_1' aria-label=\"Lebenslauf\">Lebenslauf<\/label><\/div><div class='ff-el-input--content'><label for='ff_3_file-upload_1' class='ff_file_upload_holder'><span class='ff_upload_btn ff-btn' tabindex='0'>Choose File<\/span> <input type=\"file\" name=\"file-upload\" id=\"ff_3_file-upload_1\" class=\"ff-el-form-control  ff-screen-reader-element\" data-name=\"file-upload\" multiple=\"1\"  aria-invalid='false' aria-required=false><\/label><\/div><\/div><\/div><div class='ff-t-cell ff-t-column-2' style='flex-basis: 33.33%;'><div class='ff-el-group'><div class=\"ff-el-input--label asterisk-right\"><label for='ff_3_file-upload_1_1' id='label_ff_3_file-upload_1_1' aria-label=\"Anschreiben\">Anschreiben<\/label><\/div><div class='ff-el-input--content'><label for='ff_3_file-upload_1_1' class='ff_file_upload_holder'><span class='ff_upload_btn ff-btn' tabindex='0'>Choose File<\/span> <input type=\"file\" name=\"file-upload_1\" id=\"ff_3_file-upload_1_1\" class=\"ff-el-form-control  ff-screen-reader-element\" data-name=\"file-upload_1\" multiple=\"1\"  aria-invalid='false' aria-required=false><\/label><\/div><\/div><\/div><div class='ff-t-cell ff-t-column-3' style='flex-basis: 33.33%;'><div class='ff-el-group'><div class=\"ff-el-input--label asterisk-right\"><label for='ff_3_file-upload_2_1' id='label_ff_3_file-upload_2_1' aria-label=\"Andere\">Andere<\/label><\/div><div class='ff-el-input--content'><label for='ff_3_file-upload_2_1' class='ff_file_upload_holder'><span class='ff_upload_btn ff-btn' tabindex='0'>Choose File<\/span> <input type=\"file\" name=\"file-upload_2\" id=\"ff_3_file-upload_2_1\" class=\"ff-el-form-control  ff-screen-reader-element\" data-name=\"file-upload_2\" multiple=\"1\"  aria-invalid='false' aria-required=false><\/label><\/div><\/div><\/div><\/div><div class='ff-el-group    ff-el-input--content'><div class='ff-el-form-check ff-el-tc'><label aria-label='Ich bin damit einverstanden, dass diese Website meine eingereichten Informationen speichert, damit sie auf meine Anfrage antworten k\u00f6nnen.' class='ff-el-form-check-label ff_tc_label' for=gdpr-agreement_078b4e18c2b98c6a8a6353248ab778d5><span class='ff_tc_checkbox'><input type=\"checkbox\" name=\"gdpr-agreement\" class=\"ff-el-form-check-input ff_gdpr_field\" data-name=\"gdpr-agreement\" id=\"gdpr-agreement_078b4e18c2b98c6a8a6353248ab778d5\"  value='on' aria-invalid='false' aria-required=true><\/span> <div class='ff_t_c'>Ich bin damit einverstanden, dass diese Website meine eingereichten Informationen speichert, damit sie auf meine Anfrage antworten k\u00f6nnen.<\/div><\/label><\/div><\/div><div class='ff-el-group ff-text-left ff_submit_btn_wrapper'><button type=\"submit\" class=\"ff-btn ff-btn-submit ff-btn-md ff_btn_style wpf_has_custom_css\"  aria-label=\"Versenden\">Versenden<\/button><\/div><\/fieldset><\/form><div id='fluentform_3_errors' class='ff-errors-in-stack ff_form_instance_3_1 ff-form-loading_errors ff_form_instance_3_1_errors'><\/div><\/div>            <script type=\"text\/javascript\">\n                window.fluent_form_ff_form_instance_3_1 = {\"id\":\"3\",\"settings\":{\"layout\":{\"labelPlacement\":\"top\",\"asteriskPlacement\":\"asterisk-right\",\"helpMessagePlacement\":\"with_label\",\"errorMessagePlacement\":\"inline\",\"cssClassName\":\"\"},\"restrictions\":{\"denyEmptySubmission\":{\"enabled\":false}}},\"form_instance\":\"ff_form_instance_3_1\",\"form_id_selector\":\"fluentform_3\",\"rules\":{\"names[first_name]\":{\"required\":{\"value\":true,\"message\":\"Dit veld is vereist\",\"global\":true,\"global_message\":\"Dieses Feld ist erforderlich\"}},\"names[middle_name]\":{\"required\":{\"value\":false,\"message\":\"Dit veld is vereist\",\"global\":true,\"global_message\":\"Dieses Feld ist erforderlich\"}},\"names[last_name]\":{\"required\":{\"value\":true,\"message\":\"Dit veld is vereist\",\"global\":true,\"global_message\":\"Dieses Feld ist erforderlich\"}},\"email\":{\"required\":{\"value\":true,\"message\":\"Dit veld is vereist\",\"global\":true,\"global_message\":\"Dieses Feld ist erforderlich\"},\"email\":{\"value\":true,\"message\":\"Dit veld moet een geldig e-mailadres bevatten\",\"global\":true,\"global_message\":\"Dieses Feld muss eine g\\u00fcltige E-Mail-Adresse enthalten\"}},\"phone\":{\"required\":{\"value\":false,\"message\":\"Dit veld is vereist\",\"global\":true,\"global_message\":\"Dieses Feld ist erforderlich\"},\"valid_phone_number\":{\"value\":false,\"message\":\"Telefoonnummer is niet geldig\",\"global\":true,\"global_message\":\"Telefonnummer ist ung\\u00fcltig\"}},\"dropdown\":{\"required\":{\"value\":true,\"message\":\"Dit veld is vereist\",\"global_message\":\"Dieses Feld ist erforderlich\",\"global\":true}},\"description\":{\"required\":{\"value\":false,\"message\":\"Dit veld is vereist\",\"global_message\":\"Dieses Feld ist erforderlich\",\"global\":true}},\"file-upload\":{\"required\":{\"value\":false,\"message\":\"Dit veld is vereist\",\"global\":true,\"global_message\":\"Dieses Feld ist erforderlich\"},\"max_file_size\":{\"value\":5242880,\"_valueFrom\":\"MB\",\"message\":\"Validatie mislukt voor maximale grootte bestand\",\"global\":true,\"global_message\":\"Validierung schl\\u00e4gt bei maximaler Dateigr\\u00f6\\u00dfe fehl\"},\"max_file_count\":{\"value\":1,\"message\":\"Validatie mislukt voor maximaal aantal bestanden\",\"global\":true,\"global_message\":\"Validierung schl\\u00e4gt bei maximaler Dateianzahl fehl\"},\"allowed_file_types\":{\"value\":[\"doc|ppt|pps|xls|mdb|docx|xlsx|pptx|odt|odp|ods|odg|odc|odb|odf|rtf|txt\",\"pdf\",\"zip|gz|gzip|rar|7z\",\"jpg|jpeg|gif|png|bmp\"],\"message\":\"Ongeldig bestandstype\",\"global\":true,\"global_message\":\"Ung\\u00fcltiger Dateityp\"}},\"file-upload_1\":{\"required\":{\"value\":false,\"message\":\"Dit veld is vereist\",\"global\":true,\"global_message\":\"Dieses Feld ist erforderlich\"},\"max_file_size\":{\"value\":5242880,\"_valueFrom\":\"MB\",\"message\":\"Validatie mislukt voor maximale grootte bestand\",\"global\":true,\"global_message\":\"Validierung schl\\u00e4gt bei maximaler Dateigr\\u00f6\\u00dfe fehl\"},\"max_file_count\":{\"value\":1,\"message\":\"Validatie mislukt voor maximaal aantal bestanden\",\"global\":true,\"global_message\":\"Validierung schl\\u00e4gt bei maximaler Dateianzahl fehl\"},\"allowed_file_types\":{\"value\":[\"doc|ppt|pps|xls|mdb|docx|xlsx|pptx|odt|odp|ods|odg|odc|odb|odf|rtf|txt\",\"pdf\",\"zip|gz|gzip|rar|7z\",\"jpg|jpeg|gif|png|bmp\"],\"message\":\"Ongeldig bestandstype\",\"global\":true,\"global_message\":\"Ung\\u00fcltiger Dateityp\"}},\"file-upload_2\":{\"required\":{\"value\":false,\"message\":\"Dit veld is vereist\",\"global\":true,\"global_message\":\"Dieses Feld ist erforderlich\"},\"max_file_size\":{\"value\":5242880,\"_valueFrom\":\"MB\",\"message\":\"Validatie mislukt voor maximale grootte bestand\",\"global\":true,\"global_message\":\"Validierung schl\\u00e4gt bei maximaler Dateigr\\u00f6\\u00dfe fehl\"},\"max_file_count\":{\"value\":\"5\",\"message\":\"Validatie mislukt voor maximaal aantal bestanden\",\"global\":true,\"global_message\":\"Validierung schl\\u00e4gt bei maximaler Dateianzahl fehl\"},\"allowed_file_types\":{\"value\":[\"doc|ppt|pps|xls|mdb|docx|xlsx|pptx|odt|odp|ods|odg|odc|odb|odf|rtf|txt\",\"pdf\",\"zip|gz|gzip|rar|7z\",\"jpg|jpeg|gif|png|bmp\"],\"message\":\"Ongeldig bestandstype\",\"global\":true,\"global_message\":\"Ung\\u00fcltiger Dateityp\"}},\"gdpr-agreement\":{\"required\":{\"value\":true,\"message\":\"Dit veld is vereist\",\"global_message\":\"Dieses Feld ist erforderlich\",\"global\":true}},\"g-recaptcha-response\":[]},\"debounce_time\":300};\n                            <\/script>\n            \n<\/p><\/div><\/div><\/div><\/div><\/div><\/section>\n","protected":false},"excerpt":{"rendered":"VacaturesAusbildung: Kaufmann im Gro\u00df- und Au\u00dfenhandelsmanagement (m\/w\/d)Schwerpunkt: Vertrieb &amp; Einkauf | Standort: Nordhorn Du suchst eine Ausbildung mit Substanz? Du hast Lust auf hochwertige Produkte, echten Kundenkontakt und willst verstehen, wie Warenstr\u00f6me in einem modernen Fliesengro\u00dfhandel funktionieren? Dann werde Teil des Teams von Balders + Heinze. Deine Aufgaben bei uns Vertrieb &amp; Kundenberatung Du lernst,...","protected":false},"author":6,"featured_media":0,"parent":0,"menu_order":0,"comment_status":"closed","ping_status":"closed","template":"","meta":{"_acf_changed":false,"footnotes":""},"class_list":["post-1206","page","type-page","status-publish","hentry"],"acf":[],"_links":{"self":[{"href":"https:\/\/balders-heinze.de\/nl\/wp-json\/wp\/v2\/pages\/1206","targetHints":{"allow":["GET"]}}],"collection":[{"href":"https:\/\/balders-heinze.de\/nl\/wp-json\/wp\/v2\/pages"}],"about":[{"href":"https:\/\/balders-heinze.de\/nl\/wp-json\/wp\/v2\/types\/page"}],"author":[{"embeddable":true,"href":"https:\/\/balders-heinze.de\/nl\/wp-json\/wp\/v2\/users\/6"}],"replies":[{"embeddable":true,"href":"https:\/\/balders-heinze.de\/nl\/wp-json\/wp\/v2\/comments?post=1206"}],"version-history":[{"count":2,"href":"https:\/\/balders-heinze.de\/nl\/wp-json\/wp\/v2\/pages\/1206\/revisions"}],"predecessor-version":[{"id":1209,"href":"https:\/\/balders-heinze.de\/nl\/wp-json\/wp\/v2\/pages\/1206\/revisions\/1209"}],"wp:attachment":[{"href":"https:\/\/balders-heinze.de\/nl\/wp-json\/wp\/v2\/media?parent=1206"}],"curies":[{"name":"wp","href":"https:\/\/api.w.org\/{rel}","templated":true}]}}